{"id":1481,"date":"2021-02-13T16:36:21","date_gmt":"2021-02-13T15:36:21","guid":{"rendered":"http:\/\/floflow.nl\/unsere-produkte\/"},"modified":"2021-02-17T15:24:51","modified_gmt":"2021-02-17T14:24:51","slug":"unsere-produkte","status":"publish","type":"page","link":"https:\/\/floflow.nl\/de\/unsere-produkte\/","title":{"rendered":"unsere produkte"},"content":{"rendered":"\t\t<div data-elementor-type=\"wp-page\" data-elementor-id=\"1481\" class=\"elementor elementor-1481\">\n\t\t\t\t\t\t<section class=\"elementor-section elementor-top-section elementor-element elementor-element-875fcda elementor-section-boxed elementor-section-height-default elementor-section-height-default\" data-id=\"875fcda\" data-element_type=\"section\" data-settings=\"{&quot;_ha_eqh_enable&quot;:false}\">\n\t\t\t\t\t\t<div class=\"elementor-container elementor-column-gap-default\">\n\t\t\t\t\t<div class=\"elementor-column elementor-col-100 elementor-top-column elementor-element elementor-element-257e6ef\" data-id=\"257e6ef\" data-element_type=\"column\">\n\t\t\t<div class=\"elementor-widget-wrap elementor-element-populated\">\n\t\t\t\t\t\t<div class=\"elementor-element elementor-element-efb6709 elementor-widget elementor-widget-heading\" data-id=\"efb6709\" data-element_type=\"widget\" data-widget_type=\"heading.default\">\n\t\t\t\t<div class=\"elementor-widget-container\">\n\t\t\t\t\t<h2 class=\"elementor-heading-title elementor-size-default\">unsere decken<\/h2>\t\t\t\t<\/div>\n\t\t\t\t<\/div>\n\t\t\t\t\t<\/div>\n\t\t<\/div>\n\t\t\t\t\t<\/div>\n\t\t<\/section>\n\t\t\t\t<section class=\"elementor-section elementor-top-section elementor-element elementor-element-af9fd8c elementor-section-boxed elementor-section-height-default elementor-section-height-default\" data-id=\"af9fd8c\" data-element_type=\"section\" data-settings=\"{&quot;_ha_eqh_enable&quot;:false}\">\n\t\t\t\t\t\t<div class=\"elementor-container elementor-column-gap-default\">\n\t\t\t\t\t<div class=\"elementor-column elementor-col-100 elementor-top-column elementor-element elementor-element-bfeb49f\" data-id=\"bfeb49f\" data-element_type=\"column\">\n\t\t\t<div class=\"elementor-widget-wrap elementor-element-populated\">\n\t\t\t\t\t\t<div class=\"elementor-element elementor-element-3e4c1a5 elementor-widget elementor-widget-text-editor\" data-id=\"3e4c1a5\" data-element_type=\"widget\" data-widget_type=\"text-editor.default\">\n\t\t\t\t<div class=\"elementor-widget-container\">\n\t\t\t\t\t\t\t\t\t<p>Unsere Decken bieten W\u00e4rme, Komfort, Sicherheit und fallen auch ins Auge. Sie geben ein gem\u00fctliches Gef\u00fchl und Sie k\u00f6nnen sie \u00fcberall hin mitnehmen.<br \/>\nWir machen alle Decken im Haus. Wie funktioniert das?<\/p>\n\t\t\t\t\t\t\t\t<\/div>\n\t\t\t\t<\/div>\n\t\t\t\t\t<\/div>\n\t\t<\/div>\n\t\t\t\t\t<\/div>\n\t\t<\/section>\n\t\t\t\t<section class=\"elementor-section elementor-top-section elementor-element elementor-element-138188d elementor-section-boxed elementor-section-height-default elementor-section-height-default\" data-id=\"138188d\" data-element_type=\"section\" data-settings=\"{&quot;_ha_eqh_enable&quot;:false}\">\n\t\t\t\t\t\t<div class=\"elementor-container elementor-column-gap-default\">\n\t\t\t\t\t<div class=\"elementor-column elementor-col-100 elementor-top-column elementor-element elementor-element-8f0f3aa\" data-id=\"8f0f3aa\" data-element_type=\"column\">\n\t\t\t<div class=\"elementor-widget-wrap elementor-element-populated\">\n\t\t\t\t\t\t<div class=\"elementor-element elementor-element-8aaa7c2 elementor-widget elementor-widget-heading\" data-id=\"8aaa7c2\" data-element_type=\"widget\" data-widget_type=\"heading.default\">\n\t\t\t\t<div class=\"elementor-widget-container\">\n\t\t\t\t\t<h2 class=\"elementor-heading-title elementor-size-default\">Wholecloth quilt<\/h2>\t\t\t\t<\/div>\n\t\t\t\t<\/div>\n\t\t\t\t\t<\/div>\n\t\t<\/div>\n\t\t\t\t\t<\/div>\n\t\t<\/section>\n\t\t\t\t<section class=\"elementor-section elementor-top-section elementor-element elementor-element-dc7e39b elementor-section-boxed elementor-section-height-default elementor-section-height-default\" data-id=\"dc7e39b\" data-element_type=\"section\" data-settings=\"{&quot;_ha_eqh_enable&quot;:false}\">\n\t\t\t\t\t\t<div class=\"elementor-container elementor-column-gap-default\">\n\t\t\t\t\t<div class=\"elementor-column elementor-col-100 elementor-top-column elementor-element elementor-element-0e44e4b\" data-id=\"0e44e4b\" data-element_type=\"column\">\n\t\t\t<div class=\"elementor-widget-wrap elementor-element-populated\">\n\t\t\t\t\t\t<div class=\"elementor-element elementor-element-c123d82 elementor-widget elementor-widget-text-editor\" data-id=\"c123d82\" data-element_type=\"widget\" data-widget_type=\"text-editor.default\">\n\t\t\t\t<div class=\"elementor-widget-container\">\n\t\t\t\t\t\t\t\t\t<p>Die Quilt besteht aus 3 Schichten, einer oberen Watte und der R\u00fcckseite. Diese drei Schichten werden durch Quilten verbunden, daher der Name. Zum Abschluss wird ein Band um das Ganze herumgen\u00e4ht, damit der Quilt ordentlich fertig ist.<\/p>\n<p>Zuerst suchen wir nach den sch\u00f6nsten, weichsten und feinsten Stoffen, die sowohl vorne als auch hinten immer aus 100% Baumwolle bestehen.<br \/>\nWir machen einige der Designs selbst. Wir haben diese Proofs \u00fcberpr\u00fcft, bei Bedarf angepasst und sind dann produktionsbereit. Diese Stoffe sind mit ungiftigen Pigmenttinten bedruckt, GOTS-zertifiziert und haben die OEKO-TEX Standard 100-Zertifizierung.<\/p>\n<p>F\u00fcr die Watte (auch Wimper genannt) verwenden wir eine F\u00fcllung aus 80% Baumwolle und 20% weichem Polyester. Es wird ohne Bleichprozess und ohne aggressive Chemikalien hergestellt. Es ist eine warme, aber leichte F\u00fcllung, die sehr stark ist und alle Fahrten in der Waschmaschine \u00fcbersteht.<\/p>\n<p>Wenn wir das alles im Haus haben, kann das Quilten beginnen, wir legen die drei Schichten \u00fcbereinander und quilten diese freie Bewegung in unserem eigenen Design zusammen.<\/p>\n<p>F\u00fcr den letzten Schliff gibt es ein sch\u00f6nes passendes Band und die Steppdecke ist versandbereit.<\/p>\n<p>Unsere Quilts werden mit gr\u00f6\u00dfter Sorgfalt hergestellt. Da das Produkt jedoch regelm\u00e4\u00dfig verwendet wird, kann es zu Verschlei\u00df kommen. \u00dcberpr\u00fcfen Sie daher regelm\u00e4\u00dfig, ob das Produkt noch in Ordnung ist und alles ordnungsgem\u00e4\u00df gesichert ist. Wir empfehlen, dass Sie unsere Produkte nur unter elterlicher Aufsicht verwenden. Lassen Sie Kinder unter drei Jahren niemals unbeaufsichtigt unter der Decke schlafen.<\/p>\n\t\t\t\t\t\t\t\t<\/div>\n\t\t\t\t<\/div>\n\t\t\t\t\t<\/div>\n\t\t<\/div>\n\t\t\t\t\t<\/div>\n\t\t<\/section>\n\t\t\t\t<section class=\"elementor-section elementor-top-section elementor-element elementor-element-a9829e5 elementor-section-boxed elementor-section-height-default elementor-section-height-default\" data-id=\"a9829e5\" data-element_type=\"section\" data-settings=\"{&quot;_ha_eqh_enable&quot;:false}\">\n\t\t\t\t\t\t<div class=\"elementor-container elementor-column-gap-default\">\n\t\t\t\t\t<div class=\"elementor-column elementor-col-100 elementor-top-column elementor-element elementor-element-cf30179\" data-id=\"cf30179\" data-element_type=\"column\">\n\t\t\t<div class=\"elementor-widget-wrap elementor-element-populated\">\n\t\t\t\t\t\t<div class=\"elementor-element elementor-element-4362464 elementor-align-center elementor-widget elementor-widget-button\" data-id=\"4362464\" data-element_type=\"widget\" data-widget_type=\"button.default\">\n\t\t\t\t<div class=\"elementor-widget-container\">\n\t\t\t\t\t\t\t\t\t<div class=\"elementor-button-wrapper\">\n\t\t\t\t\t<a class=\"elementor-button elementor-button-link elementor-size-sm\" href=\"http:\/\/floflow.nl\/de\/wholecloth-quilt-de-2\/\">\n\t\t\t\t\t\t<span class=\"elementor-button-content-wrapper\">\n\t\t\t\t\t\t\t\t\t<span class=\"elementor-button-text\">KAUFEN QUILTS<\/span>\n\t\t\t\t\t<\/span>\n\t\t\t\t\t<\/a>\n\t\t\t\t<\/div>\n\t\t\t\t\t\t\t\t<\/div>\n\t\t\t\t<\/div>\n\t\t\t\t\t<\/div>\n\t\t<\/div>\n\t\t\t\t\t<\/div>\n\t\t<\/section>\n\t\t\t\t<section class=\"elementor-section elementor-top-section elementor-element elementor-element-97667f4 elementor-section-boxed elementor-section-height-default elementor-section-height-default\" data-id=\"97667f4\" data-element_type=\"section\" data-settings=\"{&quot;_ha_eqh_enable&quot;:false}\">\n\t\t\t\t\t\t<div class=\"elementor-container elementor-column-gap-default\">\n\t\t\t\t\t<div class=\"elementor-column elementor-col-100 elementor-top-column elementor-element elementor-element-7a68498\" data-id=\"7a68498\" data-element_type=\"column\">\n\t\t\t<div class=\"elementor-widget-wrap elementor-element-populated\">\n\t\t\t\t\t\t<div class=\"elementor-element elementor-element-e07b341 elementor-widget elementor-widget-heading\" data-id=\"e07b341\" data-element_type=\"widget\" data-widget_type=\"heading.default\">\n\t\t\t\t<div class=\"elementor-widget-container\">\n\t\t\t\t\t<h2 class=\"elementor-heading-title elementor-size-default\">SCHNULLER\/KUSCHELTUCH<\/h2>\t\t\t\t<\/div>\n\t\t\t\t<\/div>\n\t\t\t\t\t<\/div>\n\t\t<\/div>\n\t\t\t\t\t<\/div>\n\t\t<\/section>\n\t\t\t\t<section class=\"elementor-section elementor-top-section elementor-element elementor-element-f07a20d elementor-section-boxed elementor-section-height-default elementor-section-height-default\" data-id=\"f07a20d\" data-element_type=\"section\" data-settings=\"{&quot;_ha_eqh_enable&quot;:false}\">\n\t\t\t\t\t\t<div class=\"elementor-container elementor-column-gap-default\">\n\t\t\t\t\t<div class=\"elementor-column elementor-col-100 elementor-top-column elementor-element elementor-element-2863c07\" data-id=\"2863c07\" data-element_type=\"column\">\n\t\t\t<div class=\"elementor-widget-wrap elementor-element-populated\">\n\t\t\t\t\t\t<div class=\"elementor-element elementor-element-ae7510e elementor-widget elementor-widget-text-editor\" data-id=\"ae7510e\" data-element_type=\"widget\" data-widget_type=\"text-editor.default\">\n\t\t\t\t<div class=\"elementor-widget-container\">\n\t\t\t\t\t\t\t\t\t<p>Das schnuller\/Kuscheltuch hat einen sch\u00f6nen Designstoff auf der Vorderseite, der aus 100% Baumwolle besteht. Der R\u00fccken ist ein wunderbar weicher Teddy-Stoff. Die Schnuller haben eine Schlaufe, mit der Sie den Schnuller befestigen k\u00f6nnen, damit Sie ihn nicht verlieren.<\/p>\n<p>Sie k\u00f6nnen die Mondschnuller auch als Dekoration im Kinderzimmer aufh\u00e4ngen.<\/p>\n<p>Alle unsere Produkte werden von Hand gefertigt und k\u00f6nnen daher geringf\u00fcgig vom Foto abweichen.<\/p>\n<p>Hinweis: Es wird nicht empfohlen, dass Babys unter einem Jahr mit Kuscheltieren schlafen. Verwenden Sie bis dahin keine Schnuller im Bett. Entfernen Sie das Tuch, sobald Ihr Baby schl\u00e4ft.<\/p>\n<p>Waschanleitung: Kurzes Programm bei maximal 30 Grad. flach trocknen lassen.<\/p>\n\t\t\t\t\t\t\t\t<\/div>\n\t\t\t\t<\/div>\n\t\t\t\t\t<\/div>\n\t\t<\/div>\n\t\t\t\t\t<\/div>\n\t\t<\/section>\n\t\t\t\t<section class=\"elementor-section elementor-top-section elementor-element elementor-element-c072f2c elementor-section-boxed elementor-section-height-default elementor-section-height-default\" data-id=\"c072f2c\" data-element_type=\"section\" data-settings=\"{&quot;_ha_eqh_enable&quot;:false}\">\n\t\t\t\t\t\t<div class=\"elementor-container elementor-column-gap-default\">\n\t\t\t\t\t<div class=\"elementor-column elementor-col-100 elementor-top-column elementor-element elementor-element-e8cd7a3\" data-id=\"e8cd7a3\" data-element_type=\"column\">\n\t\t\t<div class=\"elementor-widget-wrap elementor-element-populated\">\n\t\t\t\t\t\t<div class=\"elementor-element elementor-element-7599d0f elementor-align-center elementor-widget elementor-widget-button\" data-id=\"7599d0f\" data-element_type=\"widget\" data-widget_type=\"button.default\">\n\t\t\t\t<div class=\"elementor-widget-container\">\n\t\t\t\t\t\t\t\t\t<div class=\"elementor-button-wrapper\">\n\t\t\t\t\t<a class=\"elementor-button elementor-button-link elementor-size-sm\" href=\"http:\/\/floflow.nl\/speen-knuffel-doekje\/\">\n\t\t\t\t\t\t<span class=\"elementor-button-content-wrapper\">\n\t\t\t\t\t\t\t\t\t<span class=\"elementor-button-text\">KAUFEN SCHNULLER\/KUSCHELTUCH<\/span>\n\t\t\t\t\t<\/span>\n\t\t\t\t\t<\/a>\n\t\t\t\t<\/div>\n\t\t\t\t\t\t\t\t<\/div>\n\t\t\t\t<\/div>\n\t\t\t\t\t<\/div>\n\t\t<\/div>\n\t\t\t\t\t<\/div>\n\t\t<\/section>\n\t\t\t\t<\/div>\n\t\t","protected":false},"excerpt":{"rendered":"<p>unsere decken Unsere Decken bieten W\u00e4rme, Komfort, Sicherheit und fallen auch ins Auge. Sie geben ein gem\u00fctliches Gef\u00fchl und Sie k\u00f6nnen sie \u00fcberall hin mitnehmen. Wir machen alle Decken im Haus. Wie funktioniert das? Wholecloth quilt Die Quilt besteht aus 3 Schichten, einer oberen Watte und der R\u00fcckseite. Diese drei Schichten werden durch Quilten verbunden, &hellip;<\/p>\n<p class=\"read-more\"> <a class=\"\" href=\"https:\/\/floflow.nl\/de\/unsere-produkte\/\"> <span class=\"screen-reader-text\">unsere produkte<\/span> Weiterlesen &raquo;<\/a><\/p>\n","protected":false},"author":4,"featured_media":0,"parent":0,"menu_order":0,"comment_status":"closed","ping_status":"closed","template":"","meta":{"site-sidebar-layout":"no-sidebar","site-content-layout":"page-builder","ast-global-header-display":"","ast-main-header-display":"","ast-hfb-above-header-display":"","ast-hfb-below-header-display":"","ast-hfb-mobile-header-display":"","site-post-title":"disabled","ast-breadcrumbs-content":"","ast-featured-img":"disabled","footer-sml-layout":"","theme-transparent-header-meta":"default","adv-header-id-meta":"","stick-header-meta":"","header-above-stick-meta":"","header-main-stick-meta":"","header-below-stick-meta":"","footnotes":""},"jetpack_sharing_enabled":true,"_links":{"self":[{"href":"https:\/\/floflow.nl\/de\/wp-json\/wp\/v2\/pages\/1481"}],"collection":[{"href":"https:\/\/floflow.nl\/de\/wp-json\/wp\/v2\/pages"}],"about":[{"href":"https:\/\/floflow.nl\/de\/wp-json\/wp\/v2\/types\/page"}],"author":[{"embeddable":true,"href":"https:\/\/floflow.nl\/de\/wp-json\/wp\/v2\/users\/4"}],"replies":[{"embeddable":true,"href":"https:\/\/floflow.nl\/de\/wp-json\/wp\/v2\/comments?post=1481"}],"version-history":[{"count":7,"href":"https:\/\/floflow.nl\/de\/wp-json\/wp\/v2\/pages\/1481\/revisions"}],"predecessor-version":[{"id":1634,"href":"https:\/\/floflow.nl\/de\/wp-json\/wp\/v2\/pages\/1481\/revisions\/1634"}],"wp:attachment":[{"href":"https:\/\/floflow.nl\/de\/wp-json\/wp\/v2\/media?parent=1481"}],"curies":[{"name":"wp","href":"https:\/\/api.w.org\/{rel}","templated":true}]}}