{"id":1501,"date":"2021-02-15T14:59:12","date_gmt":"2021-02-15T13:59:12","guid":{"rendered":"http:\/\/floflow.nl\/senden-und-rueckgabe\/"},"modified":"2021-02-15T14:59:13","modified_gmt":"2021-02-15T13:59:13","slug":"senden-und-rueckgabe","status":"publish","type":"page","link":"https:\/\/floflow.nl\/de\/senden-und-rueckgabe\/","title":{"rendered":"SENDEN UND R\u00dcCKGABE"},"content":{"rendered":"\t\t<div data-elementor-type=\"wp-page\" data-elementor-id=\"1501\" class=\"elementor elementor-1501\">\n\t\t\t\t\t\t<section class=\"elementor-section elementor-top-section elementor-element elementor-element-ad5fa0a elementor-section-boxed elementor-section-height-default elementor-section-height-default\" data-id=\"ad5fa0a\" data-element_type=\"section\" data-settings=\"{&quot;_ha_eqh_enable&quot;:false}\">\n\t\t\t\t\t\t<div class=\"elementor-container elementor-column-gap-default\">\n\t\t\t\t\t<div class=\"elementor-column elementor-col-100 elementor-top-column elementor-element elementor-element-58439f8\" data-id=\"58439f8\" data-element_type=\"column\">\n\t\t\t<div class=\"elementor-widget-wrap elementor-element-populated\">\n\t\t\t\t\t\t<div class=\"elementor-element elementor-element-84e2d0e elementor-widget elementor-widget-heading\" data-id=\"84e2d0e\" data-element_type=\"widget\" data-widget_type=\"heading.default\">\n\t\t\t\t<div class=\"elementor-widget-container\">\n\t\t\t\t\t<h2 class=\"elementor-heading-title elementor-size-default\">Versand und R\u00fcckgabe<\/h2>\t\t\t\t<\/div>\n\t\t\t\t<\/div>\n\t\t\t\t\t<\/div>\n\t\t<\/div>\n\t\t\t\t\t<\/div>\n\t\t<\/section>\n\t\t\t\t<section class=\"elementor-section elementor-top-section elementor-element elementor-element-49f5455 elementor-section-boxed elementor-section-height-default elementor-section-height-default\" data-id=\"49f5455\" data-element_type=\"section\" data-settings=\"{&quot;_ha_eqh_enable&quot;:false}\">\n\t\t\t\t\t\t<div class=\"elementor-container elementor-column-gap-default\">\n\t\t\t\t\t<div class=\"elementor-column elementor-col-100 elementor-top-column elementor-element elementor-element-de1113b\" data-id=\"de1113b\" data-element_type=\"column\">\n\t\t\t<div class=\"elementor-widget-wrap elementor-element-populated\">\n\t\t\t\t\t\t<div class=\"elementor-element elementor-element-73a645c elementor-widget elementor-widget-heading\" data-id=\"73a645c\" data-element_type=\"widget\" data-widget_type=\"heading.default\">\n\t\t\t\t<div class=\"elementor-widget-container\">\n\t\t\t\t\t<h2 class=\"elementor-heading-title elementor-size-default\"> senden<\/h2>\t\t\t\t<\/div>\n\t\t\t\t<\/div>\n\t\t\t\t\t<\/div>\n\t\t<\/div>\n\t\t\t\t\t<\/div>\n\t\t<\/section>\n\t\t\t\t<section class=\"elementor-section elementor-top-section elementor-element elementor-element-cad788c elementor-section-boxed elementor-section-height-default elementor-section-height-default\" data-id=\"cad788c\" data-element_type=\"section\" data-settings=\"{&quot;_ha_eqh_enable&quot;:false}\">\n\t\t\t\t\t\t<div class=\"elementor-container elementor-column-gap-default\">\n\t\t\t\t\t<div class=\"elementor-column elementor-col-100 elementor-top-column elementor-element elementor-element-3ec0d30\" data-id=\"3ec0d30\" data-element_type=\"column\">\n\t\t\t<div class=\"elementor-widget-wrap elementor-element-populated\">\n\t\t\t\t\t\t<div class=\"elementor-element elementor-element-ef8c003 elementor-widget elementor-widget-text-editor\" data-id=\"ef8c003\" data-element_type=\"widget\" data-widget_type=\"text-editor.default\">\n\t\t\t\t<div class=\"elementor-widget-container\">\n\t\t\t\t\t\t\t\t\t<p>FloFlow unternimmt alles, um Ihr Produkt so schnell wie m\u00f6glich zu Ihnen zu bringen. Da wir ein kleines Unternehmen sind, arbeiten wir oft auf Bestellung. Dies kann bedeuten, dass es etwas l\u00e4nger dauert, als Sie es gewohnt sind. Wenn angegeben wird, dass das Produkt auf Lager ist, versenden wir es innerhalb von 1-3 Werktagen. Wenn das Produkt nicht auf Lager ist, wird es auf Bestellung angefertigt und es dauert 3-4 Wochen, bis es versandbereit ist.<\/p>\n<p>Wir versenden unsere Pakete per Post NL, die Kosten innerhalb der Niederlande betragen 6,75 \u20ac, f\u00fcr andere L\u00e4nder kommen zus\u00e4tzliche Kosten hinzu. Nachdem die Adresse an der Kasse eingegeben wurde, werden die Versandkosten berechnet.<\/p>\n\t\t\t\t\t\t\t\t<\/div>\n\t\t\t\t<\/div>\n\t\t\t\t\t<\/div>\n\t\t<\/div>\n\t\t\t\t\t<\/div>\n\t\t<\/section>\n\t\t\t\t<section class=\"elementor-section elementor-top-section elementor-element elementor-element-b7c0a66 elementor-section-boxed elementor-section-height-default elementor-section-height-default\" data-id=\"b7c0a66\" data-element_type=\"section\" data-settings=\"{&quot;_ha_eqh_enable&quot;:false}\">\n\t\t\t\t\t\t<div class=\"elementor-container elementor-column-gap-default\">\n\t\t\t\t\t<div class=\"elementor-column elementor-col-100 elementor-top-column elementor-element elementor-element-5465237\" data-id=\"5465237\" data-element_type=\"column\">\n\t\t\t<div class=\"elementor-widget-wrap elementor-element-populated\">\n\t\t\t\t\t\t<div class=\"elementor-element elementor-element-b2946ca elementor-widget elementor-widget-text-editor\" data-id=\"b2946ca\" data-element_type=\"widget\" data-widget_type=\"text-editor.default\">\n\t\t\t\t<div class=\"elementor-widget-container\">\n\t\t\t\t\t\t\t\t\t<p>Kehrt zur\u00fcck<br \/>\nFloFlow legt gro\u00dfen Wert auf Qualit\u00e4t. Wir arbeiten mit Liebe und Sorgfalt an all unseren Produkten. Da unsere Produkte von Hand gefertigt werden, sind geringf\u00fcgige Unterschiede und M\u00e4ngel sichtbar. Dies beeintr\u00e4chtigt nicht die Qualit\u00e4t und verleiht handgefertigten Gegenst\u00e4nden den Charme. Wenn Sie das Produkt zur\u00fccksenden m\u00f6chten, k\u00f6nnen Sie bis zu 14 Tage nach Erhalt ohne Angabe von Gr\u00fcnden stornieren. Sie haben dann weitere 14 Tage Zeit, um das Produkt zur\u00fcckzugeben. Sie erhalten den vollen Betrag inklusive Versandkosten. Das Produkt muss unbenutzt und unbesch\u00e4digt zur\u00fcckgegeben werden. Die Kosten f\u00fcr die R\u00fccksendung gehen zu Ihren Lasten. Um Ihr Produkt zur\u00fcckzusenden, m\u00fcssen Sie sich an info@FloFlow.nl wenden. Wir erstatten den f\u00e4lligen Betrag innerhalb von 14 Tagen nach der Registrierung, sofern das Produkt in gutem Zustand zur\u00fcckgegeben wurde.<\/p>\n\t\t\t\t\t\t\t\t<\/div>\n\t\t\t\t<\/div>\n\t\t\t\t\t<\/div>\n\t\t<\/div>\n\t\t\t\t\t<\/div>\n\t\t<\/section>\n\t\t\t\t<section class=\"elementor-section elementor-top-section elementor-element elementor-element-064b430 elementor-section-boxed elementor-section-height-default elementor-section-height-default\" data-id=\"064b430\" data-element_type=\"section\" data-settings=\"{&quot;_ha_eqh_enable&quot;:false}\">\n\t\t\t\t\t\t<div class=\"elementor-container elementor-column-gap-default\">\n\t\t\t\t\t<div class=\"elementor-column elementor-col-100 elementor-top-column elementor-element elementor-element-2028482\" data-id=\"2028482\" data-element_type=\"column\">\n\t\t\t<div class=\"elementor-widget-wrap elementor-element-populated\">\n\t\t\t\t\t\t<div class=\"elementor-element elementor-element-82331e2 elementor-widget elementor-widget-heading\" data-id=\"82331e2\" data-element_type=\"widget\" data-widget_type=\"heading.default\">\n\t\t\t\t<div class=\"elementor-widget-container\">\n\t\t\t\t\t<h2 class=\"elementor-heading-title elementor-size-default\">Ausnahme f\u00fcr Sonderanfertigungen<\/h2>\t\t\t\t<\/div>\n\t\t\t\t<\/div>\n\t\t\t\t\t<\/div>\n\t\t<\/div>\n\t\t\t\t\t<\/div>\n\t\t<\/section>\n\t\t\t\t<section class=\"elementor-section elementor-top-section elementor-element elementor-element-406768c elementor-section-boxed elementor-section-height-default elementor-section-height-default\" data-id=\"406768c\" data-element_type=\"section\" data-settings=\"{&quot;_ha_eqh_enable&quot;:false}\">\n\t\t\t\t\t\t<div class=\"elementor-container elementor-column-gap-default\">\n\t\t\t\t\t<div class=\"elementor-column elementor-col-100 elementor-top-column elementor-element elementor-element-d2e7476\" data-id=\"d2e7476\" data-element_type=\"column\">\n\t\t\t<div class=\"elementor-widget-wrap elementor-element-populated\">\n\t\t\t\t\t\t<div class=\"elementor-element elementor-element-41b0fe2 elementor-widget elementor-widget-text-editor\" data-id=\"41b0fe2\" data-element_type=\"widget\" data-widget_type=\"text-editor.default\">\n\t\t\t\t<div class=\"elementor-widget-container\">\n\t\t\t\t\t\t\t\t\t<p>Sonderanfertigungen k\u00f6nnen nicht zur\u00fcckgegeben werden. Der Verkauf ist daher nach erfolgreicher Zahlung endg\u00fcltig. Wir bem\u00fchen uns um 100% Zufriedenheit, wenn ein ma\u00dfgeschneidertes Produkt nicht Ihren Erwartungen entspricht. Bitte <a href=\"http:\/\/floflow.nl\/contact\/\" target=\"_blank\" rel=\"noopener\">kontaktieren<\/a>\u00a0Sie uns immer.<\/p>\n\t\t\t\t\t\t\t\t<\/div>\n\t\t\t\t<\/div>\n\t\t\t\t\t<\/div>\n\t\t<\/div>\n\t\t\t\t\t<\/div>\n\t\t<\/section>\n\t\t\t\t<\/div>\n\t\t","protected":false},"excerpt":{"rendered":"<p>Versand und R\u00fcckgabe senden FloFlow unternimmt alles, um Ihr Produkt so schnell wie m\u00f6glich zu Ihnen zu bringen. Da wir ein kleines Unternehmen sind, arbeiten wir oft auf Bestellung. Dies kann bedeuten, dass es etwas l\u00e4nger dauert, als Sie es gewohnt sind. Wenn angegeben wird, dass das Produkt auf Lager ist, versenden wir es innerhalb &hellip;<\/p>\n<p class=\"read-more\"> <a class=\"\" href=\"https:\/\/floflow.nl\/de\/senden-und-rueckgabe\/\"> <span class=\"screen-reader-text\">SENDEN UND R\u00dcCKGABE<\/span> Weiterlesen &raquo;<\/a><\/p>\n","protected":false},"author":4,"featured_media":0,"parent":0,"menu_order":0,"comment_status":"closed","ping_status":"closed","template":"","meta":{"site-sidebar-layout":"no-sidebar","site-content-layout":"page-builder","ast-global-header-display":"","ast-main-header-display":"","ast-hfb-above-header-display":"","ast-hfb-below-header-display":"","ast-hfb-mobile-header-display":"","site-post-title":"disabled","ast-breadcrumbs-content":"","ast-featured-img":"disabled","footer-sml-layout":"","theme-transparent-header-meta":"default","adv-header-id-meta":"","stick-header-meta":"","header-above-stick-meta":"","header-main-stick-meta":"","header-below-stick-meta":"","footnotes":""},"jetpack_sharing_enabled":true,"_links":{"self":[{"href":"https:\/\/floflow.nl\/de\/wp-json\/wp\/v2\/pages\/1501"}],"collection":[{"href":"https:\/\/floflow.nl\/de\/wp-json\/wp\/v2\/pages"}],"about":[{"href":"https:\/\/floflow.nl\/de\/wp-json\/wp\/v2\/types\/page"}],"author":[{"embeddable":true,"href":"https:\/\/floflow.nl\/de\/wp-json\/wp\/v2\/users\/4"}],"replies":[{"embeddable":true,"href":"https:\/\/floflow.nl\/de\/wp-json\/wp\/v2\/comments?post=1501"}],"version-history":[{"count":1,"href":"https:\/\/floflow.nl\/de\/wp-json\/wp\/v2\/pages\/1501\/revisions"}],"predecessor-version":[{"id":1502,"href":"https:\/\/floflow.nl\/de\/wp-json\/wp\/v2\/pages\/1501\/revisions\/1502"}],"wp:attachment":[{"href":"https:\/\/floflow.nl\/de\/wp-json\/wp\/v2\/media?parent=1501"}],"curies":[{"name":"wp","href":"https:\/\/api.w.org\/{rel}","templated":true}]}}