{"id":1507,"date":"2021-02-15T15:32:11","date_gmt":"2021-02-15T14:32:11","guid":{"rendered":"http:\/\/floflow.nl\/home\/"},"modified":"2021-02-15T15:32:11","modified_gmt":"2021-02-15T14:32:11","slug":"home","status":"publish","type":"page","link":"https:\/\/floflow.nl\/de\/","title":{"rendered":"HOME"},"content":{"rendered":"\t\t<div data-elementor-type=\"wp-page\" data-elementor-id=\"1507\" class=\"elementor elementor-1507\">\n\t\t\t\t\t\t<section class=\"elementor-section elementor-top-section elementor-element elementor-element-6b08f7e elementor-section-stretched elementor-section-full_width elementor-section-height-min-height elementor-section-height-default elementor-section-items-middle\" data-id=\"6b08f7e\" data-element_type=\"section\" data-settings=\"{&quot;stretch_section&quot;:&quot;section-stretched&quot;,&quot;background_background&quot;:&quot;slideshow&quot;,&quot;background_slideshow_gallery&quot;:[{&quot;id&quot;:997,&quot;url&quot;:&quot;http:\\\/\\\/floflow.nl\\\/wp-content\\\/uploads\\\/2020\\\/10\\\/IMG_0989-scaled.jpg&quot;},{&quot;id&quot;:1002,&quot;url&quot;:&quot;http:\\\/\\\/floflow.nl\\\/wp-content\\\/uploads\\\/2020\\\/10\\\/IMG_1185-scaled.jpg&quot;}],&quot;background_slideshow_loop&quot;:&quot;yes&quot;,&quot;background_slideshow_slide_duration&quot;:5000,&quot;background_slideshow_slide_transition&quot;:&quot;fade&quot;,&quot;background_slideshow_transition_duration&quot;:500,&quot;_ha_eqh_enable&quot;:false}\">\n\t\t\t\t\t\t\t<div class=\"elementor-background-overlay\"><\/div>\n\t\t\t\t\t\t\t<div class=\"elementor-container elementor-column-gap-default\">\n\t\t\t\t\t<div class=\"elementor-column elementor-col-100 elementor-top-column elementor-element elementor-element-cddffb7\" data-id=\"cddffb7\" data-element_type=\"column\">\n\t\t\t<div class=\"elementor-widget-wrap\">\n\t\t\t\t\t\t\t<\/div>\n\t\t<\/div>\n\t\t\t\t\t<\/div>\n\t\t<\/section>\n\t\t\t\t<section class=\"elementor-section elementor-top-section elementor-element elementor-element-8b91e7d elementor-section-boxed elementor-section-height-default elementor-section-height-default\" data-id=\"8b91e7d\" data-element_type=\"section\" data-settings=\"{&quot;_ha_eqh_enable&quot;:false}\">\n\t\t\t\t\t\t<div class=\"elementor-container elementor-column-gap-default\">\n\t\t\t\t\t<div class=\"elementor-column elementor-col-33 elementor-top-column elementor-element elementor-element-14fe759\" data-id=\"14fe759\" data-element_type=\"column\">\n\t\t\t<div class=\"elementor-widget-wrap elementor-element-populated\">\n\t\t\t\t\t\t<div class=\"elementor-element elementor-element-ab7a190 elementor-widget elementor-widget-image\" data-id=\"ab7a190\" data-element_type=\"widget\" data-widget_type=\"image.default\">\n\t\t\t\t<div class=\"elementor-widget-container\">\n\t\t\t\t\t\t\t\t\t\t\t\t\t\t\t<img decoding=\"async\" width=\"160\" height=\"160\" src=\"https:\/\/floflow.nl\/wp-content\/uploads\/2020\/07\/iconen_Tekengebied-1-1.svg\" class=\"attachment-large size-large wp-image-688\" alt=\"handmade\" \/>\t\t\t\t\t\t\t\t\t\t\t\t\t\t\t<\/div>\n\t\t\t\t<\/div>\n\t\t\t\t\t<\/div>\n\t\t<\/div>\n\t\t\t\t<div class=\"elementor-column elementor-col-33 elementor-top-column elementor-element elementor-element-ac8f577\" data-id=\"ac8f577\" data-element_type=\"column\">\n\t\t\t<div class=\"elementor-widget-wrap elementor-element-populated\">\n\t\t\t\t\t\t<div class=\"elementor-element elementor-element-3e4901f elementor-widget elementor-widget-image\" data-id=\"3e4901f\" data-element_type=\"widget\" data-widget_type=\"image.default\">\n\t\t\t\t<div class=\"elementor-widget-container\">\n\t\t\t\t\t\t\t\t\t\t\t\t\t\t\t<img decoding=\"async\" width=\"160\" height=\"160\" src=\"https:\/\/floflow.nl\/wp-content\/uploads\/2020\/07\/iconen_Tekengebied-1-kopie-2-1.svg\" class=\"attachment-large size-large wp-image-686\" alt=\"uniek\" \/>\t\t\t\t\t\t\t\t\t\t\t\t\t\t\t<\/div>\n\t\t\t\t<\/div>\n\t\t\t\t\t<\/div>\n\t\t<\/div>\n\t\t\t\t<div class=\"elementor-column elementor-col-33 elementor-top-column elementor-element elementor-element-0153b33\" data-id=\"0153b33\" data-element_type=\"column\">\n\t\t\t<div class=\"elementor-widget-wrap elementor-element-populated\">\n\t\t\t\t\t\t<div class=\"elementor-element elementor-element-a1338ee elementor-widget elementor-widget-image\" data-id=\"a1338ee\" data-element_type=\"widget\" data-widget_type=\"image.default\">\n\t\t\t\t<div class=\"elementor-widget-container\">\n\t\t\t\t\t\t\t\t\t\t\t\t\t\t\t<img fetchpriority=\"high\" decoding=\"async\" width=\"336\" height=\"336\" src=\"https:\/\/floflow.nl\/wp-content\/uploads\/2020\/07\/iconen_Tekengebied-1-kopie-4-1.jpg\" class=\"attachment-large size-large wp-image-766\" alt=\"musthave\" srcset=\"https:\/\/floflow.nl\/wp-content\/uploads\/2020\/07\/iconen_Tekengebied-1-kopie-4-1.jpg 336w, https:\/\/floflow.nl\/wp-content\/uploads\/2020\/07\/iconen_Tekengebied-1-kopie-4-1-100x100.jpg 100w, https:\/\/floflow.nl\/wp-content\/uploads\/2020\/07\/iconen_Tekengebied-1-kopie-4-1-300x300.jpg 300w, https:\/\/floflow.nl\/wp-content\/uploads\/2020\/07\/iconen_Tekengebied-1-kopie-4-1-150x150.jpg 150w\" sizes=\"(max-width: 336px) 100vw, 336px\" \/>\t\t\t\t\t\t\t\t\t\t\t\t\t\t\t<\/div>\n\t\t\t\t<\/div>\n\t\t\t\t\t<\/div>\n\t\t<\/div>\n\t\t\t\t\t<\/div>\n\t\t<\/section>\n\t\t\t\t<section class=\"elementor-section elementor-top-section elementor-element elementor-element-5c7f170 elementor-section-boxed elementor-section-height-default elementor-section-height-default\" data-id=\"5c7f170\" data-element_type=\"section\" data-settings=\"{&quot;_ha_eqh_enable&quot;:false}\">\n\t\t\t\t\t\t<div class=\"elementor-container elementor-column-gap-default\">\n\t\t\t\t\t<div class=\"elementor-column elementor-col-100 elementor-top-column elementor-element elementor-element-07ac77d\" data-id=\"07ac77d\" data-element_type=\"column\">\n\t\t\t<div class=\"elementor-widget-wrap elementor-element-populated\">\n\t\t\t\t\t\t<div class=\"elementor-element elementor-element-52b03a1 elementor-widget elementor-widget-heading\" data-id=\"52b03a1\" data-element_type=\"widget\" data-widget_type=\"heading.default\">\n\t\t\t\t<div class=\"elementor-widget-container\">\n\t\t\t\t\t<h2 class=\"elementor-heading-title elementor-size-default\">FAVORITEN<\/h2>\t\t\t\t<\/div>\n\t\t\t\t<\/div>\n\t\t\t\t\t<\/div>\n\t\t<\/div>\n\t\t\t\t\t<\/div>\n\t\t<\/section>\n\t\t\t\t<section class=\"elementor-section elementor-top-section elementor-element elementor-element-df997c0 elementor-section-boxed elementor-section-height-default elementor-section-height-default\" data-id=\"df997c0\" data-element_type=\"section\" data-settings=\"{&quot;_ha_eqh_enable&quot;:false}\">\n\t\t\t\t\t\t<div class=\"elementor-container elementor-column-gap-default\">\n\t\t\t\t\t<div class=\"elementor-column elementor-col-100 elementor-top-column elementor-element elementor-element-dfbaaeb\" data-id=\"dfbaaeb\" data-element_type=\"column\">\n\t\t\t<div class=\"elementor-widget-wrap elementor-element-populated\">\n\t\t\t\t\t\t<div class=\"elementor-element elementor-element-c95e58b eael-product-grid-column-4 elementor-widget elementor-widget-eicon-woocommerce\" data-id=\"c95e58b\" data-element_type=\"widget\" data-widget_type=\"eicon-woocommerce.default\">\n\t\t\t\t<div class=\"elementor-widget-container\">\n\t\t\t\t\t\n        <div class=\"eael-product-grid eael-product-reveal masonry\" id=\"eael-product-grid\" data-widget-id=\"c95e58b\" data-page-id=\"1507\" data-nonce=\"f9ea644556\" >\n            <div class=\"woocommerce\">\n                <ul class=\"products\" data-layout-mode=\"masonry\">    <li class=\"product \">\n\t\t        <div class=\"eael-product-wrap\">\n\t\t\t<img decoding=\"async\" width=\"300\" height=\"300\" src=\"https:\/\/floflow.nl\/wp-content\/uploads\/woocommerce-placeholder-300x300.png\" class=\"attachment-woocommerce_thumbnail size-woocommerce_thumbnail wvs-archive-product-image\" alt=\"Platzhalter\" loading=\"eager\" \/><div class=\"eael-product-title\">\n            <a href=\"https:\/\/floflow.nl\/de\/product\/boho-floral\/\" class=\"woocommerce-LoopProduct-link woocommerce-loop-product__link\"><h2 class=\"woocommerce-loop-product__title\">Boho floral<\/h2><\/a>\n            <\/div><div class=\"star-rating\"><span style=\"width:0%\">Bewertet mit <strong class=\"rating\">0<\/strong> von 5<\/span><\/div><div class=\"eael-product-price\"><span class=\"woocommerce-Price-amount amount\"><bdi><span class=\"woocommerce-Price-currencySymbol\">&euro;<\/span>&nbsp;99,00<\/bdi><\/span><\/div>\t\t\t<a href=\"https:\/\/floflow.nl\/de\/product\/boho-floral\/\" aria-describedby=\"woocommerce_loop_add_to_cart_link_describedby_1902\" data-quantity=\"1\" class=\"button product_type_variable add_to_cart_button\" data-product_id=\"1902\" data-product_sku=\"\" aria-label=\"W\u00e4hle Optionen f\u00fcr \u201eBoho floral\u201c\" rel=\"nofollow\">Ausf\u00fchrung w\u00e4hlen<\/a>\t<span id=\"woocommerce_loop_add_to_cart_link_describedby_1902\" class=\"screen-reader-text\">\n\t\tDieses Produkt weist mehrere Varianten auf. Die Optionen k\u00f6nnen auf der Produktseite gew\u00e4hlt werden\t<\/span>\n\t\t\t\n        <\/div>\n\n    <\/li>\n\t    <li class=\"product \">\n\t\t        <div class=\"eael-product-wrap\">\n\t\t\t<img decoding=\"async\" width=\"300\" height=\"300\" src=\"https:\/\/floflow.nl\/wp-content\/uploads\/woocommerce-placeholder-300x300.png\" class=\"attachment-woocommerce_thumbnail size-woocommerce_thumbnail wvs-archive-product-image\" alt=\"Platzhalter\" loading=\"eager\" \/><div class=\"eael-product-title\">\n            <a href=\"https:\/\/floflow.nl\/de\/product\/protea-wholecloth-quilt\/\" class=\"woocommerce-LoopProduct-link woocommerce-loop-product__link\"><h2 class=\"woocommerce-loop-product__title\">protea wholecloth quilt<\/h2><\/a>\n            <\/div><div class=\"star-rating\"><span style=\"width:0%\">Bewertet mit <strong class=\"rating\">0<\/strong> von 5<\/span><\/div><div class=\"eael-product-price\"><span class=\"woocommerce-Price-amount amount\"><bdi><span class=\"woocommerce-Price-currencySymbol\">&euro;<\/span>&nbsp;99,00<\/bdi><\/span><\/div>\t\t\t<a href=\"https:\/\/floflow.nl\/de\/product\/protea-wholecloth-quilt\/\" aria-describedby=\"woocommerce_loop_add_to_cart_link_describedby_1948\" data-quantity=\"1\" class=\"button product_type_variable add_to_cart_button\" data-product_id=\"1948\" data-product_sku=\"\" aria-label=\"W\u00e4hle Optionen f\u00fcr \u201eprotea wholecloth quilt\u201c\" rel=\"nofollow\">Ausf\u00fchrung w\u00e4hlen<\/a>\t<span id=\"woocommerce_loop_add_to_cart_link_describedby_1948\" class=\"screen-reader-text\">\n\t\tDieses Produkt weist mehrere Varianten auf. Die Optionen k\u00f6nnen auf der Produktseite gew\u00e4hlt werden\t<\/span>\n\t\t\t\n        <\/div>\n\n    <\/li>\n\t    <li class=\"product \">\n\t\t        <div class=\"eael-product-wrap\">\n\t\t\t<img decoding=\"async\" width=\"300\" height=\"300\" src=\"https:\/\/floflow.nl\/wp-content\/uploads\/woocommerce-placeholder-300x300.png\" class=\"attachment-woocommerce_thumbnail size-woocommerce_thumbnail wvs-archive-product-image\" alt=\"Platzhalter\" loading=\"eager\" \/><div class=\"eael-product-title\">\n            <a href=\"https:\/\/floflow.nl\/de\/product\/moths-by-night\/\" class=\"woocommerce-LoopProduct-link woocommerce-loop-product__link\"><h2 class=\"woocommerce-loop-product__title\">moths by night<\/h2><\/a>\n            <\/div><div class=\"star-rating\"><span style=\"width:0%\">Bewertet mit <strong class=\"rating\">0<\/strong> von 5<\/span><\/div><div class=\"eael-product-price\"><span class=\"woocommerce-Price-amount amount\"><bdi><span class=\"woocommerce-Price-currencySymbol\">&euro;<\/span>&nbsp;99,00<\/bdi><\/span><\/div>\t\t\t<a href=\"https:\/\/floflow.nl\/de\/product\/moths-by-night\/\" aria-describedby=\"woocommerce_loop_add_to_cart_link_describedby_1915\" data-quantity=\"1\" class=\"button product_type_variable add_to_cart_button\" data-product_id=\"1915\" data-product_sku=\"\" aria-label=\"W\u00e4hle Optionen f\u00fcr \u201emoths by night\u201c\" rel=\"nofollow\">Ausf\u00fchrung w\u00e4hlen<\/a>\t<span id=\"woocommerce_loop_add_to_cart_link_describedby_1915\" class=\"screen-reader-text\">\n\t\tDieses Produkt weist mehrere Varianten auf. Die Optionen k\u00f6nnen auf der Produktseite gew\u00e4hlt werden\t<\/span>\n\t\t\t\n        <\/div>\n\n    <\/li>\n\t    <li class=\"product \">\n\t\t        <div class=\"eael-product-wrap\">\n\t\t\t<img decoding=\"async\" width=\"300\" height=\"300\" src=\"https:\/\/floflow.nl\/wp-content\/uploads\/woocommerce-placeholder-300x300.png\" class=\"attachment-woocommerce_thumbnail size-woocommerce_thumbnail wvs-archive-product-image\" alt=\"Platzhalter\" loading=\"eager\" \/><div class=\"eael-product-title\">\n            <a href=\"https:\/\/floflow.nl\/de\/product\/geo-bear-wholecloth-quilt\/\" class=\"woocommerce-LoopProduct-link woocommerce-loop-product__link\"><h2 class=\"woocommerce-loop-product__title\">Geo bear wholecloth quilt<\/h2><\/a>\n            <\/div><div class=\"star-rating\"><span style=\"width:0%\">Bewertet mit <strong class=\"rating\">0<\/strong> von 5<\/span><\/div><div class=\"eael-product-price\"><span class=\"woocommerce-Price-amount amount\"><bdi><span class=\"woocommerce-Price-currencySymbol\">&euro;<\/span>&nbsp;99,00<\/bdi><\/span><\/div>\t\t\t<a href=\"https:\/\/floflow.nl\/de\/product\/geo-bear-wholecloth-quilt\/\" aria-describedby=\"woocommerce_loop_add_to_cart_link_describedby_1878\" data-quantity=\"1\" class=\"button product_type_variable add_to_cart_button\" data-product_id=\"1878\" data-product_sku=\"\" aria-label=\"W\u00e4hle Optionen f\u00fcr \u201eGeo bear wholecloth quilt\u201c\" rel=\"nofollow\">Ausf\u00fchrung w\u00e4hlen<\/a>\t<span id=\"woocommerce_loop_add_to_cart_link_describedby_1878\" class=\"screen-reader-text\">\n\t\tDieses Produkt weist mehrere Varianten auf. Die Optionen k\u00f6nnen auf der Produktseite gew\u00e4hlt werden\t<\/span>\n\t\t\t\n        <\/div>\n\n    <\/li>\n\t<\/ul>            <div class=\"eael-load-more-button-wrap\">\n                <button class=\"eael-load-more-button\" id=\"eael-load-more-btn-c95e58b\" data-widget-id=\"c95e58b\" data-widget=\"c95e58b\" data-page-id=\"1507\" data-template=\"{&quot;dir&quot;:&quot;lite&quot;,&quot;file_name&quot;:&quot;default.php&quot;,&quot;name&quot;:&quot;Eicon-Woocommerce&quot;}\" data-class=\"Essential_Addons_Elementor\\Elements\\Product_Grid\" data-layout=\"masonry\" data-page=\"1\" data-args=\"post_type=product&amp;post_status%5B0%5D=publish&amp;post_status%5B1%5D=pending&amp;post_status%5B2%5D=future&amp;posts_per_page=4&amp;order=DESC&amp;offset=0&amp;post__not_in%5B0%5D=1507&amp;tax_query%5Brelation%5D=AND&amp;tax_query%5B0%5D%5Btaxonomy%5D=product_visibility&amp;tax_query%5B0%5D%5Bfield%5D=name&amp;tax_query%5B0%5D%5Bterms%5D%5B0%5D=exclude-from-search&amp;tax_query%5B0%5D%5Bterms%5D%5B1%5D=exclude-from-catalog&amp;tax_query%5B0%5D%5Boperator%5D=NOT+IN&amp;orderby=meta_value_num&amp;meta_query%5Brelation%5D=AND&amp;meta_query%5B0%5D%5Bkey%5D=_stock_status&amp;meta_query%5B0%5D%5Bvalue%5D=instock&amp;meta_key=total_sales&amp;total_post=5\" data-max-page=\"2\">\n                    <span class=\"eael-btn-loader button__loader\"><\/span>\n                    <span class=\"eael_load_more_text\">Load More<\/span>\n                <\/button>\n            <\/div>\n                        <\/div>\n        <\/div>\n\n        <script type=\"text\/javascript\">\n            jQuery(document).ready(function($) {\n                var $scope = jQuery(\".elementor-element-c95e58b\");\n                var $products = $('.products', $scope);\n                var $layout_mode = $products.data('layout-mode');\n                \n                if ( $layout_mode === 'masonry' ) {\n                    \/\/ init isotope\n                    var $isotope_products = $products.isotope({\n                        itemSelector: \"li.product\",\n                        layoutMode: $layout_mode,\n                        percentPosition: true\n                    });\n\n                    $isotope_products.imagesLoaded().progress( function() {\n                        $isotope_products.isotope('layout');\n                    })\n\n                    $(window).on('resize', function() {\n                        $isotope_products.isotope('layout');\n                    });\n                }\n            });\n        <\/script>\n        \t\t\t\t<\/div>\n\t\t\t\t<\/div>\n\t\t\t\t\t<\/div>\n\t\t<\/div>\n\t\t\t\t\t<\/div>\n\t\t<\/section>\n\t\t\t\t<section class=\"elementor-section elementor-top-section elementor-element elementor-element-996a2ab elementor-section-boxed elementor-section-height-default elementor-section-height-default\" data-id=\"996a2ab\" data-element_type=\"section\" data-settings=\"{&quot;_ha_eqh_enable&quot;:false}\">\n\t\t\t\t\t\t<div class=\"elementor-container elementor-column-gap-default\">\n\t\t\t\t\t<div class=\"elementor-column elementor-col-100 elementor-top-column elementor-element elementor-element-5bac8e0\" data-id=\"5bac8e0\" data-element_type=\"column\">\n\t\t\t<div class=\"elementor-widget-wrap elementor-element-populated\">\n\t\t\t\t\t\t<div class=\"elementor-element elementor-element-c2560b4 elementor-widget elementor-widget-heading\" data-id=\"c2560b4\" data-element_type=\"widget\" data-widget_type=\"heading.default\">\n\t\t\t\t<div class=\"elementor-widget-container\">\n\t\t\t\t\t<h1 class=\"elementor-heading-title elementor-size-default\">MUSS F\u00dcR JEDES KIND HABEN<\/h1>\t\t\t\t<\/div>\n\t\t\t\t<\/div>\n\t\t\t\t<div class=\"elementor-element elementor-element-c65af99 elementor-widget elementor-widget-text-editor\" data-id=\"c65af99\" data-element_type=\"widget\" data-widget_type=\"text-editor.default\">\n\t\t\t\t<div class=\"elementor-widget-container\">\n\t\t\t\t\t\t\t\t\t<p>Einzigartige handgemachte Baby- und Kinderdecken. Ideal in jedem Kindergarten oder unterwegs. Mit den einzigartigen Designs ein Muss f\u00fcr jedes Kind. Wenn Sie eine Sonderanfertigung w\u00fcnschen, kontaktieren Sie uns bitte und wir werden die Optionen besprechen und f\u00fcr Sie arbeiten.<\/p>\n\t\t\t\t\t\t\t\t<\/div>\n\t\t\t\t<\/div>\n\t\t\t\t\t<\/div>\n\t\t<\/div>\n\t\t\t\t\t<\/div>\n\t\t<\/section>\n\t\t\t\t<section class=\"elementor-section elementor-top-section elementor-element elementor-element-fac8d7c elementor-section-boxed elementor-section-height-default elementor-section-height-default\" data-id=\"fac8d7c\" data-element_type=\"section\" data-settings=\"{&quot;_ha_eqh_enable&quot;:false}\">\n\t\t\t\t\t\t<div class=\"elementor-container elementor-column-gap-default\">\n\t\t\t\t\t<div class=\"elementor-column elementor-col-100 elementor-top-column elementor-element elementor-element-3a795aa\" data-id=\"3a795aa\" data-element_type=\"column\">\n\t\t\t<div class=\"elementor-widget-wrap elementor-element-populated\">\n\t\t\t\t\t\t<div class=\"elementor-element elementor-element-a26072c elementor-widget__width-inherit elementor-widget elementor-widget-text-editor\" data-id=\"a26072c\" data-element_type=\"widget\" data-widget_type=\"text-editor.default\">\n\t\t\t\t<div class=\"elementor-widget-container\">\n\t\t\t\t\t\t\t\t\t<p>\n<div id=\"sb_instagram\"  class=\"sbi sbi_mob_col_1 sbi_tab_col_2 sbi_col_6\" style=\"padding-bottom: 10px; width: 100%;\"\t data-feedid=\"*1\"  data-res=\"auto\" data-cols=\"6\" data-colsmobile=\"1\" data-colstablet=\"2\" data-num=\"6\" data-nummobile=\"\" data-item-padding=\"5\"\t data-shortcode-atts=\"{}\"  data-postid=\"1878\" data-locatornonce=\"aff7f49a39\" data-imageaspectratio=\"1:1\" data-sbi-flags=\"favorLocal,gdpr\">\n\t\n\t<div id=\"sbi_images\"  style=\"gap: 10px;\">\n\t\t\t<\/div>\n\n\t<div id=\"sbi_load\" >\n\n\t\n\t\t\t<span class=\"sbi_follow_btn\" >\n\t\t\t<a target=\"_blank\"\n\t\t\t\trel=\"nofollow noopener\"  href=\"https:\/\/www.instagram.com\/floflow.nl\/\">\n\t\t\t\t<svg class=\"svg-inline--fa fa-instagram fa-w-14\" aria-hidden=\"true\" data-fa-processed=\"\" aria-label=\"Instagram\" data-prefix=\"fab\" data-icon=\"instagram\" role=\"img\" viewBox=\"0 0 448 512\">\n                    <path fill=\"currentColor\" d=\"M224.1 141c-63.6 0-114.9 51.3-114.9 114.9s51.3 114.9 114.9 114.9S339 319.5 339 255.9 287.7 141 224.1 141zm0 189.6c-41.1 0-74.7-33.5-74.7-74.7s33.5-74.7 74.7-74.7 74.7 33.5 74.7 74.7-33.6 74.7-74.7 74.7zm146.4-194.3c0 14.9-12 26.8-26.8 26.8-14.9 0-26.8-12-26.8-26.8s12-26.8 26.8-26.8 26.8 12 26.8 26.8zm76.1 27.2c-1.7-35.9-9.9-67.7-36.2-93.9-26.2-26.2-58-34.4-93.9-36.2-37-2.1-147.9-2.1-184.9 0-35.8 1.7-67.6 9.9-93.9 36.1s-34.4 58-36.2 93.9c-2.1 37-2.1 147.9 0 184.9 1.7 35.9 9.9 67.7 36.2 93.9s58 34.4 93.9 36.2c37 2.1 147.9 2.1 184.9 0 35.9-1.7 67.7-9.9 93.9-36.2 26.2-26.2 34.4-58 36.2-93.9 2.1-37 2.1-147.8 0-184.8zM398.8 388c-7.8 19.6-22.9 34.7-42.6 42.6-29.5 11.7-99.5 9-132.1 9s-102.7 2.6-132.1-9c-19.6-7.8-34.7-22.9-42.6-42.6-11.7-29.5-9-99.5-9-132.1s-2.6-102.7 9-132.1c7.8-19.6 22.9-34.7 42.6-42.6 29.5-11.7 99.5-9 132.1-9s102.7-2.6 132.1 9c19.6 7.8 34.7 22.9 42.6 42.6 11.7 29.5 9 99.5 9 132.1s2.7 102.7-9 132.1z\"><\/path>\n                <\/svg>\t\t\t\t<span>VOLG ONS<\/span>\n\t\t\t<\/a>\n\t\t<\/span>\n\t\n<\/div>\n\t\t<span class=\"sbi_resized_image_data\" data-feed-id=\"*1\"\n\t\t  data-resized=\"[]\">\n\t<\/span>\n\t<\/div>\n\n<\/p>\n\t\t\t\t\t\t\t\t<\/div>\n\t\t\t\t<\/div>\n\t\t\t\t\t<\/div>\n\t\t<\/div>\n\t\t\t\t\t<\/div>\n\t\t<\/section>\n\t\t\t\t<\/div>\n\t\t","protected":false},"excerpt":{"rendered":"<p>FAVORITEN SEALIFE WHOLECLOTH QUILT Waardering 0 uit 5 &euro;95,00 &ndash; &euro;155,00 Opties selecteren moth garden wholecloth quilt Waardering 0 uit 5 &euro;99,00 &ndash; &euro;155,00 Opties selecteren romantic boho wholecloth quilt Waardering 0 uit 5 &euro;99,00 &ndash; &euro;155,00 Opties selecteren Jungle reptiles wholecloth quilt Waardering 0 uit 5 &euro;99,00 &ndash; &euro;155,00 Opties selecteren Load More MUSS &hellip;<\/p>\n<p class=\"read-more\"> <a class=\"\" href=\"https:\/\/floflow.nl\/de\/product\/geo-bear-wholecloth-quilt\/\"> <span class=\"screen-reader-text\">Geo bear wholecloth quilt<\/span> Weiterlesen &raquo;<\/a><\/p>\n","protected":false},"author":4,"featured_media":0,"parent":0,"menu_order":0,"comment_status":"closed","ping_status":"closed","template":"","meta":{"site-sidebar-layout":"no-sidebar","site-content-layout":"page-builder","ast-global-header-display":"","ast-main-header-display":"","ast-hfb-above-header-display":"","ast-hfb-below-header-display":"","ast-hfb-mobile-header-display":"","site-post-title":"disabled","ast-breadcrumbs-content":"","ast-featured-img":"disabled","footer-sml-layout":"","theme-transparent-header-meta":"default","adv-header-id-meta":"","stick-header-meta":"","header-above-stick-meta":"","header-main-stick-meta":"","header-below-stick-meta":"","footnotes":""},"jetpack_sharing_enabled":true,"_links":{"self":[{"href":"https:\/\/floflow.nl\/de\/wp-json\/wp\/v2\/pages\/1507"}],"collection":[{"href":"https:\/\/floflow.nl\/de\/wp-json\/wp\/v2\/pages"}],"about":[{"href":"https:\/\/floflow.nl\/de\/wp-json\/wp\/v2\/types\/page"}],"author":[{"embeddable":true,"href":"https:\/\/floflow.nl\/de\/wp-json\/wp\/v2\/users\/4"}],"replies":[{"embeddable":true,"href":"https:\/\/floflow.nl\/de\/wp-json\/wp\/v2\/comments?post=1507"}],"version-history":[{"count":1,"href":"https:\/\/floflow.nl\/de\/wp-json\/wp\/v2\/pages\/1507\/revisions"}],"predecessor-version":[{"id":1508,"href":"https:\/\/floflow.nl\/de\/wp-json\/wp\/v2\/pages\/1507\/revisions\/1508"}],"wp:attachment":[{"href":"https:\/\/floflow.nl\/de\/wp-json\/wp\/v2\/media?parent=1507"}],"curies":[{"name":"wp","href":"https:\/\/api.w.org\/{rel}","templated":true}]}}