{"id":1605,"date":"2021-02-17T15:06:29","date_gmt":"2021-02-17T14:06:29","guid":{"rendered":"http:\/\/floflow.nl\/ueber-uns\/"},"modified":"2021-02-17T15:06:30","modified_gmt":"2021-02-17T14:06:30","slug":"ueber-uns","status":"publish","type":"page","link":"https:\/\/floflow.nl\/de\/ueber-uns\/","title":{"rendered":"\u00dcBER UNS"},"content":{"rendered":"\t\t<div data-elementor-type=\"wp-page\" data-elementor-id=\"1605\" class=\"elementor elementor-1605\">\n\t\t\t\t\t\t<section class=\"elementor-section elementor-top-section elementor-element elementor-element-2fef64ac elementor-section-stretched elementor-section-height-min-height elementor-section-boxed elementor-section-height-default elementor-section-items-middle\" data-id=\"2fef64ac\" data-element_type=\"section\" data-settings=\"{&quot;stretch_section&quot;:&quot;section-stretched&quot;,&quot;background_background&quot;:&quot;classic&quot;,&quot;_ha_eqh_enable&quot;:false}\">\n\t\t\t\t\t\t\t<div class=\"elementor-background-overlay\"><\/div>\n\t\t\t\t\t\t\t<div class=\"elementor-container elementor-column-gap-default\">\n\t\t\t\t\t<div class=\"elementor-column elementor-col-100 elementor-top-column elementor-element elementor-element-7da0eab8\" data-id=\"7da0eab8\" data-element_type=\"column\">\n\t\t\t<div class=\"elementor-widget-wrap elementor-element-populated\">\n\t\t\t\t\t\t<div class=\"elementor-element elementor-element-6716d1d4 elementor-widget__width-initial elementor-widget elementor-widget-heading\" data-id=\"6716d1d4\" data-element_type=\"widget\" data-widget_type=\"heading.default\">\n\t\t\t\t<div class=\"elementor-widget-container\">\n\t\t\t\t\t<h2 class=\"elementor-heading-title elementor-size-default\">\u00fcber uns<\/h2>\t\t\t\t<\/div>\n\t\t\t\t<\/div>\n\t\t\t\t\t<\/div>\n\t\t<\/div>\n\t\t\t\t\t<\/div>\n\t\t<\/section>\n\t\t\t\t<section class=\"elementor-section elementor-top-section elementor-element elementor-element-710cb85d elementor-section-stretched elementor-section-full_width elementor-reverse-mobile elementor-section-height-default elementor-section-height-default\" data-id=\"710cb85d\" data-element_type=\"section\" data-settings=\"{&quot;stretch_section&quot;:&quot;section-stretched&quot;,&quot;_ha_eqh_enable&quot;:false}\">\n\t\t\t\t\t\t<div class=\"elementor-container elementor-column-gap-no\">\n\t\t\t\t\t<div class=\"elementor-column elementor-col-50 elementor-top-column elementor-element elementor-element-628aa06b elementor-invisible\" data-id=\"628aa06b\" data-element_type=\"column\" data-settings=\"{&quot;animation&quot;:&quot;fadeInLeft&quot;,&quot;background_background&quot;:&quot;classic&quot;}\">\n\t\t\t<div class=\"elementor-widget-wrap elementor-element-populated\">\n\t\t\t\t\t\t<div class=\"elementor-element elementor-element-1e568efb elementor-widget elementor-widget-heading\" data-id=\"1e568efb\" data-element_type=\"widget\" data-widget_type=\"heading.default\">\n\t\t\t\t<div class=\"elementor-widget-container\">\n\t\t\t\t\t<h1 class=\"elementor-heading-title elementor-size-default\">Floor van den Broek<\/h1>\t\t\t\t<\/div>\n\t\t\t\t<\/div>\n\t\t\t\t<div class=\"elementor-element elementor-element-76c612cc elementor-widget-divider--view-line elementor-widget elementor-widget-divider\" data-id=\"76c612cc\" data-element_type=\"widget\" data-widget_type=\"divider.default\">\n\t\t\t\t<div class=\"elementor-widget-container\">\n\t\t\t\t\t\t\t<div class=\"elementor-divider\">\n\t\t\t<span class=\"elementor-divider-separator\">\n\t\t\t\t\t\t<\/span>\n\t\t<\/div>\n\t\t\t\t\t\t<\/div>\n\t\t\t\t<\/div>\n\t\t\t\t<div class=\"elementor-element elementor-element-2a611b72 elementor-widget elementor-widget-text-editor\" data-id=\"2a611b72\" data-element_type=\"widget\" data-widget_type=\"text-editor.default\">\n\t\t\t\t<div class=\"elementor-widget-container\">\n\t\t\t\t\t\t\t\t\t<p>Hallo, ich bin Floor van den Broek, Gr\u00fcnder von FloFLow<\/p>\n<p>Ich habe jahrelang in der Signindustrie gearbeitet, wo ich viele grafische Arbeiten und Produkte herstellen konnte, bei denen ein Auge f\u00fcrs Detail sehr wichtig ist. Seit 2012 arbeite ich in der Schulgemeinschaft De Rooi Pannen, wo ich den Sch\u00fclern das sch\u00f6ne Fach Zeichen beibringen kann. Seit Jahren bin ich damit besch\u00e4ftigt, die sch\u00f6nsten Produkte f\u00fcr andere herzustellen und zu entwerfen. Und jetzt ist es Zeit, diese f\u00fcr mich (und f\u00fcr dich) zu machen.<\/p>\n<p>Als ich 2016 schwanger war, kam mir die Idee, selbst Kinderprodukte herzustellen, und als ich 2019 wieder Mutter der zweiten wurde, musste es wirklich passieren. Es muss ein Produkt sein, das multifunktional und weit verbreitet ist. Ein Muss f\u00fcr jedes Kind.<\/p>\n<p>Ich begann mit meinen eigenen Mustern f\u00fcr Geschenkpapier, Tapeten und Stoffe und ich mochte die Stoffe besonders. Damit k\u00f6nnen Sie endlose Dinge tun. Ich fing an, eine Ganzdeckendecke f\u00fcr meine Kinder herzustellen und sie f\u00fcr alles zu verwenden. Wir nehmen sie mit, wenn wir ausgehen, k\u00f6nnen darauf f\u00fcr ein Picknick sitzen, sie als Spielmatte, Laufstallmatte oder einfach zum Kuscheln verwenden.<\/p>\n<p>Weil der Quilt so vielseitig ist, ist er in jeder Familie unverzichtbar.<\/p>\n<p>Wenn Sie Fragen haben oder eine Sonderanfertigung w\u00fcnschen, kontaktieren Sie uns bitte.<\/p>\n\t\t\t\t\t\t\t\t<\/div>\n\t\t\t\t<\/div>\n\t\t\t\t<div class=\"elementor-element elementor-element-7c549447 elementor-widget elementor-widget-button\" data-id=\"7c549447\" data-element_type=\"widget\" data-widget_type=\"button.default\">\n\t\t\t\t<div class=\"elementor-widget-container\">\n\t\t\t\t\t\t\t\t\t<div class=\"elementor-button-wrapper\">\n\t\t\t\t\t<a class=\"elementor-button elementor-button-link elementor-size-sm\" href=\"http:\/\/floflow.nl\/contact\/\">\n\t\t\t\t\t\t<span class=\"elementor-button-content-wrapper\">\n\t\t\t\t\t\t\t\t\t<span class=\"elementor-button-text\">KONTAKT<\/span>\n\t\t\t\t\t<\/span>\n\t\t\t\t\t<\/a>\n\t\t\t\t<\/div>\n\t\t\t\t\t\t\t\t<\/div>\n\t\t\t\t<\/div>\n\t\t\t\t\t<\/div>\n\t\t<\/div>\n\t\t\t\t<div class=\"elementor-column elementor-col-50 elementor-top-column elementor-element elementor-element-1552e475 elementor-invisible\" data-id=\"1552e475\" data-element_type=\"column\" data-settings=\"{&quot;animation&quot;:&quot;fadeInRight&quot;}\">\n\t\t\t<div class=\"elementor-widget-wrap elementor-element-populated\">\n\t\t\t\t\t\t<div class=\"elementor-element elementor-element-5f45f4e3 elementor-widget elementor-widget-image\" data-id=\"5f45f4e3\" data-element_type=\"widget\" data-widget_type=\"image.default\">\n\t\t\t\t<div class=\"elementor-widget-container\">\n\t\t\t\t\t\t\t\t\t\t\t\t\t\t\t<img fetchpriority=\"high\" decoding=\"async\" width=\"2048\" height=\"1154\" src=\"https:\/\/floflow.nl\/wp-content\/uploads\/2020\/06\/IMG_9427-1.jpg\" class=\"attachment-full size-full wp-image-1608\" alt=\"Floor van den Broek\" srcset=\"https:\/\/floflow.nl\/wp-content\/uploads\/2020\/06\/IMG_9427-1.jpg 2048w, https:\/\/floflow.nl\/wp-content\/uploads\/2020\/06\/IMG_9427-1-510x287.jpg 510w, https:\/\/floflow.nl\/wp-content\/uploads\/2020\/06\/IMG_9427-1-300x169.jpg 300w, https:\/\/floflow.nl\/wp-content\/uploads\/2020\/06\/IMG_9427-1-1024x577.jpg 1024w, https:\/\/floflow.nl\/wp-content\/uploads\/2020\/06\/IMG_9427-1-768x433.jpg 768w, https:\/\/floflow.nl\/wp-content\/uploads\/2020\/06\/IMG_9427-1-1536x866.jpg 1536w, https:\/\/floflow.nl\/wp-content\/uploads\/2020\/06\/IMG_9427-1-640x361.jpg 640w\" sizes=\"(max-width: 2048px) 100vw, 2048px\" \/>\t\t\t\t\t\t\t\t\t\t\t\t\t\t\t<\/div>\n\t\t\t\t<\/div>\n\t\t\t\t\t<\/div>\n\t\t<\/div>\n\t\t\t\t\t<\/div>\n\t\t<\/section>\n\t\t\t\t<section class=\"elementor-section elementor-top-section elementor-element elementor-element-37c46a66 elementor-section-stretched elementor-section-full_width elementor-hidden-phone elementor-section-height-default elementor-section-height-default\" data-id=\"37c46a66\" data-element_type=\"section\" data-settings=\"{&quot;stretch_section&quot;:&quot;section-stretched&quot;,&quot;_ha_eqh_enable&quot;:false}\">\n\t\t\t\t\t\t<div class=\"elementor-container elementor-column-gap-no\">\n\t\t\t\t\t<div class=\"elementor-column elementor-col-25 elementor-top-column elementor-element elementor-element-52171ee8\" data-id=\"52171ee8\" data-element_type=\"column\">\n\t\t\t<div class=\"elementor-widget-wrap elementor-element-populated\">\n\t\t\t\t\t\t<div class=\"elementor-element elementor-element-33a7d262 elementor-widget elementor-widget-image\" data-id=\"33a7d262\" data-element_type=\"widget\" data-widget_type=\"image.default\">\n\t\t\t\t<div class=\"elementor-widget-container\">\n\t\t\t\t\t\t\t\t\t\t\t\t\t\t\t\t<a href=\"http:\/\/floflow.nl\/wp-content\/uploads\/2020\/06\/angela-bailey-uqaM22y2Zl8-unsplash-scaled.jpg\" data-elementor-open-lightbox=\"yes\" data-elementor-lightbox-title=\"old sewing machine floflow\" data-e-action-hash=\"#elementor-action%3Aaction%3Dlightbox%26settings%3DeyJpZCI6MTYxMywidXJsIjoiaHR0cHM6XC9cL2Zsb2Zsb3cubmxcL3dwLWNvbnRlbnRcL3VwbG9hZHNcLzIwMjBcLzA2XC9hbmdlbGEtYmFpbGV5LXVxYU0yMnkyWmw4LXVuc3BsYXNoLXNjYWxlZC5qcGcifQ%3D%3D\">\n\t\t\t\t\t\t\t<img decoding=\"async\" src=\"https:\/\/floflow.nl\/wp-content\/uploads\/2020\/06\/angela-bailey-uqaM22y2Zl8-unsplash-scaled.jpg\" title=\"old sewing machine floflow\" alt=\"old sewing machine floflow\" class=\"elementor-animation-shrink\" loading=\"lazy\" \/>\t\t\t\t\t\t\t\t<\/a>\n\t\t\t\t\t\t\t\t\t\t\t\t\t\t\t<\/div>\n\t\t\t\t<\/div>\n\t\t\t\t\t<\/div>\n\t\t<\/div>\n\t\t\t\t<div class=\"elementor-column elementor-col-25 elementor-top-column elementor-element elementor-element-d64f33f\" data-id=\"d64f33f\" data-element_type=\"column\">\n\t\t\t<div class=\"elementor-widget-wrap elementor-element-populated\">\n\t\t\t\t\t\t<div class=\"elementor-element elementor-element-458a0f57 elementor-widget elementor-widget-image\" data-id=\"458a0f57\" data-element_type=\"widget\" data-widget_type=\"image.default\">\n\t\t\t\t<div class=\"elementor-widget-container\">\n\t\t\t\t\t\t\t\t\t\t\t\t\t\t\t\t<a href=\"http:\/\/floflow.nl\/wp-content\/uploads\/2020\/06\/benigno-hoyuela-vCLp1eZGNg4-unsplash-scaled.jpg\" data-elementor-open-lightbox=\"yes\" data-elementor-lightbox-title=\"benigno-hoyuela-vCLp1eZGNg4-unsplash\" data-e-action-hash=\"#elementor-action%3Aaction%3Dlightbox%26settings%3DeyJpZCI6MTYwOSwidXJsIjoiaHR0cHM6XC9cL2Zsb2Zsb3cubmxcL3dwLWNvbnRlbnRcL3VwbG9hZHNcLzIwMjBcLzA2XC9iZW5pZ25vLWhveXVlbGEtdkNMcDFlWkdOZzQtdW5zcGxhc2gtc2NhbGVkLmpwZyJ9\">\n\t\t\t\t\t\t\t<img decoding=\"async\" src=\"https:\/\/floflow.nl\/wp-content\/uploads\/2020\/06\/benigno-hoyuela-vCLp1eZGNg4-unsplash-scaled.jpg\" title=\"benigno-hoyuela-vCLp1eZGNg4-unsplash\" alt=\"benigno-hoyuela-vCLp1eZGNg4-unsplash\" class=\"elementor-animation-shrink\" loading=\"lazy\" \/>\t\t\t\t\t\t\t\t<\/a>\n\t\t\t\t\t\t\t\t\t\t\t\t\t\t\t<\/div>\n\t\t\t\t<\/div>\n\t\t\t\t\t<\/div>\n\t\t<\/div>\n\t\t\t\t<div class=\"elementor-column elementor-col-25 elementor-top-column elementor-element elementor-element-7da0551f\" data-id=\"7da0551f\" data-element_type=\"column\">\n\t\t\t<div class=\"elementor-widget-wrap elementor-element-populated\">\n\t\t\t\t\t\t<div class=\"elementor-element elementor-element-3aab9f31 elementor-widget elementor-widget-image\" data-id=\"3aab9f31\" data-element_type=\"widget\" data-widget_type=\"image.default\">\n\t\t\t\t<div class=\"elementor-widget-container\">\n\t\t\t\t\t\t\t\t\t\t\t\t\t\t\t\t<a href=\"http:\/\/floflow.nl\/wp-content\/uploads\/2020\/06\/jean-philippe-delberghe-k_0UI2MG5XQ-unsplash-scaled.jpg\" data-elementor-open-lightbox=\"yes\" data-elementor-lightbox-title=\"jean-philippe-delberghe-k_0UI2MG5XQ-unsplash\" data-e-action-hash=\"#elementor-action%3Aaction%3Dlightbox%26settings%3DeyJpZCI6MTYxMCwidXJsIjoiaHR0cHM6XC9cL2Zsb2Zsb3cubmxcL3dwLWNvbnRlbnRcL3VwbG9hZHNcLzIwMjBcLzA2XC9qZWFuLXBoaWxpcHBlLWRlbGJlcmdoZS1rXzBVSTJNRzVYUS11bnNwbGFzaC1zY2FsZWQuanBnIn0%3D\">\n\t\t\t\t\t\t\t<img decoding=\"async\" src=\"https:\/\/floflow.nl\/wp-content\/uploads\/2020\/06\/jean-philippe-delberghe-k_0UI2MG5XQ-unsplash-scaled.jpg\" title=\"jean-philippe-delberghe-k_0UI2MG5XQ-unsplash\" alt=\"jean-philippe-delberghe-k_0UI2MG5XQ-unsplash\" class=\"elementor-animation-shrink\" loading=\"lazy\" \/>\t\t\t\t\t\t\t\t<\/a>\n\t\t\t\t\t\t\t\t\t\t\t\t\t\t\t<\/div>\n\t\t\t\t<\/div>\n\t\t\t\t\t<\/div>\n\t\t<\/div>\n\t\t\t\t<div class=\"elementor-column elementor-col-25 elementor-top-column elementor-element elementor-element-149774c8\" data-id=\"149774c8\" data-element_type=\"column\">\n\t\t\t<div class=\"elementor-widget-wrap elementor-element-populated\">\n\t\t\t\t\t\t<div class=\"elementor-element elementor-element-112fabd2 elementor-widget elementor-widget-image\" data-id=\"112fabd2\" data-element_type=\"widget\" data-widget_type=\"image.default\">\n\t\t\t\t<div class=\"elementor-widget-container\">\n\t\t\t\t\t\t\t\t\t\t\t\t\t\t\t\t<a href=\"http:\/\/floflow.nl\/wp-content\/uploads\/2020\/06\/mojor-zhu-Qfdb1GbasNk-unsplash-scaled.jpg\" data-elementor-open-lightbox=\"yes\" data-elementor-lightbox-title=\"mojor-zhu-Qfdb1GbasNk-unsplash\" data-e-action-hash=\"#elementor-action%3Aaction%3Dlightbox%26settings%3DeyJpZCI6MTYxMSwidXJsIjoiaHR0cHM6XC9cL2Zsb2Zsb3cubmxcL3dwLWNvbnRlbnRcL3VwbG9hZHNcLzIwMjBcLzA2XC9tb2pvci16aHUtUWZkYjFHYmFzTmstdW5zcGxhc2gtc2NhbGVkLmpwZyJ9\">\n\t\t\t\t\t\t\t<img decoding=\"async\" src=\"https:\/\/floflow.nl\/wp-content\/uploads\/2020\/06\/mojor-zhu-Qfdb1GbasNk-unsplash-scaled.jpg\" title=\"mojor-zhu-Qfdb1GbasNk-unsplash\" alt=\"mojor-zhu-Qfdb1GbasNk-unsplash\" class=\"elementor-animation-shrink\" loading=\"lazy\" \/>\t\t\t\t\t\t\t\t<\/a>\n\t\t\t\t\t\t\t\t\t\t\t\t\t\t\t<\/div>\n\t\t\t\t<\/div>\n\t\t\t\t\t<\/div>\n\t\t<\/div>\n\t\t\t\t\t<\/div>\n\t\t<\/section>\n\t\t\t\t<section class=\"elementor-section elementor-top-section elementor-element elementor-element-4fa99429 elementor-section-boxed elementor-section-height-default elementor-section-height-default\" data-id=\"4fa99429\" data-element_type=\"section\" data-settings=\"{&quot;background_background&quot;:&quot;classic&quot;,&quot;_ha_eqh_enable&quot;:false}\">\n\t\t\t\t\t\t<div class=\"elementor-container elementor-column-gap-default\">\n\t\t\t\t\t<div class=\"elementor-column elementor-col-100 elementor-top-column elementor-element elementor-element-19a4b52\" data-id=\"19a4b52\" data-element_type=\"column\">\n\t\t\t<div class=\"elementor-widget-wrap elementor-element-populated\">\n\t\t\t\t\t\t<div class=\"elementor-element elementor-element-46b7244 elementor-widget elementor-widget-heading\" data-id=\"46b7244\" data-element_type=\"widget\" data-widget_type=\"heading.default\">\n\t\t\t\t<div class=\"elementor-widget-container\">\n\t\t\t\t\t<h2 class=\"elementor-heading-title elementor-size-default\">Folgen Sie uns in den sozialen Medien<\/h2>\t\t\t\t<\/div>\n\t\t\t\t<\/div>\n\t\t\t\t<div class=\"elementor-element elementor-element-6871f4cc elementor-shape-rounded elementor-grid-0 e-grid-align-center elementor-widget elementor-widget-social-icons\" data-id=\"6871f4cc\" data-element_type=\"widget\" data-widget_type=\"social-icons.default\">\n\t\t\t\t<div class=\"elementor-widget-container\">\n\t\t\t\t\t\t\t<div class=\"elementor-social-icons-wrapper elementor-grid\" role=\"list\">\n\t\t\t\t\t\t\t<span class=\"elementor-grid-item\" role=\"listitem\">\n\t\t\t\t\t<a class=\"elementor-icon elementor-social-icon elementor-social-icon-facebook-f elementor-repeater-item-fn29c2u\" href=\"https:\/\/www.facebook.com\/FloFlow.nl\/\" target=\"_blank\" rel=\"noopener\">\n\t\t\t\t\t\t<span class=\"elementor-screen-only\">Facebook-f<\/span>\n\t\t\t\t\t\t<i class=\"fab fa-facebook-f\"><\/i>\t\t\t\t\t<\/a>\n\t\t\t\t<\/span>\n\t\t\t\t\t\t\t<span class=\"elementor-grid-item\" role=\"listitem\">\n\t\t\t\t\t<a class=\"elementor-icon elementor-social-icon elementor-social-icon-instagram elementor-repeater-item-81nknmy\" href=\"https:\/\/www.instagram.com\/floflow.nl\/\" target=\"_blank\">\n\t\t\t\t\t\t<span class=\"elementor-screen-only\">Instagram<\/span>\n\t\t\t\t\t\t<i class=\"fab fa-instagram\"><\/i>\t\t\t\t\t<\/a>\n\t\t\t\t<\/span>\n\t\t\t\t\t\t\t<span class=\"elementor-grid-item\" role=\"listitem\">\n\t\t\t\t\t<a class=\"elementor-icon elementor-social-icon elementor-social-icon-pinterest elementor-repeater-item-5ee5fd6\" href=\"https:\/\/nl.pinterest.com\/FloFlow_nl\/\" target=\"_blank\" rel=\"noopener\">\n\t\t\t\t\t\t<span class=\"elementor-screen-only\">Pinterest<\/span>\n\t\t\t\t\t\t<i class=\"fab fa-pinterest\"><\/i>\t\t\t\t\t<\/a>\n\t\t\t\t<\/span>\n\t\t\t\t\t<\/div>\n\t\t\t\t\t\t<\/div>\n\t\t\t\t<\/div>\n\t\t\t\t\t<\/div>\n\t\t<\/div>\n\t\t\t\t\t<\/div>\n\t\t<\/section>\n\t\t\t\t<\/div>\n\t\t","protected":false},"excerpt":{"rendered":"<p>\u00fcber uns Floor van den Broek Hallo, ich bin Floor van den Broek, Gr\u00fcnder von FloFLow Ich habe jahrelang in der Signindustrie gearbeitet, wo ich viele grafische Arbeiten und Produkte herstellen konnte, bei denen ein Auge f\u00fcrs Detail sehr wichtig ist. Seit 2012 arbeite ich in der Schulgemeinschaft De Rooi Pannen, wo ich den Sch\u00fclern &hellip;<\/p>\n<p class=\"read-more\"> <a class=\"\" href=\"https:\/\/floflow.nl\/de\/ueber-uns\/\"> <span class=\"screen-reader-text\">\u00dcBER UNS<\/span> Weiterlesen &raquo;<\/a><\/p>\n","protected":false},"author":4,"featured_media":0,"parent":0,"menu_order":0,"comment_status":"closed","ping_status":"closed","template":"","meta":{"site-sidebar-layout":"no-sidebar","site-content-layout":"page-builder","ast-global-header-display":"","ast-main-header-display":"","ast-hfb-above-header-display":"","ast-hfb-below-header-display":"","ast-hfb-mobile-header-display":"","site-post-title":"disabled","ast-breadcrumbs-content":"","ast-featured-img":"disabled","footer-sml-layout":"","theme-transparent-header-meta":"default","adv-header-id-meta":"","stick-header-meta":"","header-above-stick-meta":"","header-main-stick-meta":"","header-below-stick-meta":"","footnotes":""},"jetpack_sharing_enabled":true,"_links":{"self":[{"href":"https:\/\/floflow.nl\/de\/wp-json\/wp\/v2\/pages\/1605"}],"collection":[{"href":"https:\/\/floflow.nl\/de\/wp-json\/wp\/v2\/pages"}],"about":[{"href":"https:\/\/floflow.nl\/de\/wp-json\/wp\/v2\/types\/page"}],"author":[{"embeddable":true,"href":"https:\/\/floflow.nl\/de\/wp-json\/wp\/v2\/users\/4"}],"replies":[{"embeddable":true,"href":"https:\/\/floflow.nl\/de\/wp-json\/wp\/v2\/comments?post=1605"}],"version-history":[{"count":1,"href":"https:\/\/floflow.nl\/de\/wp-json\/wp\/v2\/pages\/1605\/revisions"}],"predecessor-version":[{"id":1614,"href":"https:\/\/floflow.nl\/de\/wp-json\/wp\/v2\/pages\/1605\/revisions\/1614"}],"wp:attachment":[{"href":"https:\/\/floflow.nl\/de\/wp-json\/wp\/v2\/media?parent=1605"}],"curies":[{"name":"wp","href":"https:\/\/api.w.org\/{rel}","templated":true}]}}