{"id":1915,"date":"2020-11-20T14:42:08","date_gmt":"2020-11-20T13:42:08","guid":{"rendered":"http:\/\/floflow.nl\/product\/moths-by-night\/"},"modified":"2020-11-20T14:42:08","modified_gmt":"2020-11-20T13:42:08","slug":"moths-by-night","status":"publish","type":"product","link":"https:\/\/floflow.nl\/de\/product\/moths-by-night\/","title":{"rendered":"moths by night"},"content":{"rendered":"<p>Diese handgefertigte Quilt ist ein wunderbares Produkt f\u00fcr jedes Kind.<br \/>\nSie k\u00f6nnen es mitnehmen, sehen im Kinderzimmer oder auf Ihrem Kleinkinderbett gut aus.<\/p>\n<p>Diese Quilt besteht aus 100% Baumwolle vorne und hinten dazwischen eine F\u00fcllung aus starker Baumwolle mit weichem Qualit\u00e4ts polyester.<br \/>\nDiese Wimper ist ultraleicht und sehr stark, sodass Ihre Quilt jahrelang h\u00e4lt, ohne sich durch viele W\u00e4schen abzunutzen.<br \/>\nDie Quilt ist mit einem passender Bindung versehen.<\/p>\n<p>Erh\u00e4ltlich in zwei Gr\u00f6\u00dfen:<br \/>\nBaby \u00b1 90 cm lang x 105 cm breit<br \/>\nKleinkind \u00b1 150 cm lang x 105 cm breit<\/p>\n<p>Auch n\u00fctzlich als Spielmatte.<\/p>\n<p>Da diese Quilts von Hand gefertigt werden, ist jeder Quilt ein Unikat und weist geringf\u00fcgige Abweichungen auf.<\/p>\n<p>Waschanleitung: Kurzes Programm bei maximal 30 Grad. Flach trocknen oder bei niedriger Temperatur im Trockner trocknen.<br \/>\nDie Quilt ist nach jedem Waschen noch weicher.<\/p>\n","protected":false},"excerpt":{"rendered":"<p>Handgemachte wholecloth quilt<\/p>\n<p>Baby \u00b1 90 cm lang x 105 cm breit<br \/>\nKleinkind \u00b1 150 cm lang x 105 cm breit<\/p>\n<p>Vorder- und R\u00fcckseite aus 100% Baumwolle<br \/>\nDie Watte besteht aus Baumwolle und weichem Polyester<\/p>\n<p>Versand innerhalb von 2-3 Werktagen<\/p>\n<p>Achtung. Wenn das Produkt nicht auf Lager ist, wird es auf Bestellung angefertigt. Bitte erlauben Sie 3-4 Wochen f\u00fcr die Lieferung.<\/p>\n<p>&nbsp;<\/p>\n","protected":false},"featured_media":0,"comment_status":"open","ping_status":"closed","template":"","meta":{"site-sidebar-layout":"default","site-content-layout":"default","ast-global-header-display":"","ast-main-header-display":"","ast-hfb-above-header-display":"","ast-hfb-below-header-display":"","ast-hfb-mobile-header-display":"","site-post-title":"","ast-breadcrumbs-content":"","ast-featured-img":"","footer-sml-layout":"","theme-transparent-header-meta":"default","adv-header-id-meta":"","stick-header-meta":"","header-above-stick-meta":"","header-main-stick-meta":"","header-below-stick-meta":""},"product_cat":[114,115],"product_tag":[116,119,117,155,158,156,131,157,160,136,132,134,118,159,153,154],"jetpack_sharing_enabled":true,"_links":{"self":[{"href":"https:\/\/floflow.nl\/de\/wp-json\/wp\/v2\/product\/1915"}],"collection":[{"href":"https:\/\/floflow.nl\/de\/wp-json\/wp\/v2\/product"}],"about":[{"href":"https:\/\/floflow.nl\/de\/wp-json\/wp\/v2\/types\/product"}],"replies":[{"embeddable":true,"href":"https:\/\/floflow.nl\/de\/wp-json\/wp\/v2\/comments?post=1915"}],"wp:attachment":[{"href":"https:\/\/floflow.nl\/de\/wp-json\/wp\/v2\/media?parent=1915"}],"wp:term":[{"taxonomy":"product_cat","embeddable":true,"href":"https:\/\/floflow.nl\/de\/wp-json\/wp\/v2\/product_cat?post=1915"},{"taxonomy":"product_tag","embeddable":true,"href":"https:\/\/floflow.nl\/de\/wp-json\/wp\/v2\/product_tag?post=1915"}],"curies":[{"name":"wp","href":"https:\/\/api.w.org\/{rel}","templated":true}]}}